{"id":5258,"date":"2025-05-19T14:51:42","date_gmt":"2025-05-19T14:51:42","guid":{"rendered":"https:\/\/quantil.co\/?page_id=5258"},"modified":"2025-06-03T16:34:12","modified_gmt":"2025-06-03T16:34:12","slug":"politica-de-privacidad-de-datos-personales","status":"publish","type":"page","link":"https:\/\/quantil.co\/en\/politica-de-privacidad-de-datos-personales\/","title":{"rendered":"Personal Data Privacy Policy"},"content":{"rendered":"<div data-elementor-type=\"wp-page\" data-elementor-id=\"5258\" class=\"elementor elementor-5258\">\n\t\t\t\t\t\t\t\t\t<section class=\"elementor-section elementor-top-section elementor-element elementor-element-8eff67b elementor-section-height-min-height elementor-section-boxed elementor-section-height-default elementor-section-items-middle\" data-id=\"8eff67b\" data-element_type=\"section\" data-settings=\"{&quot;jet_parallax_layout_list&quot;:[],&quot;background_background&quot;:&quot;classic&quot;}\">\n\t\t\t\t\t\t<div class=\"elementor-container elementor-column-gap-default\">\n\t\t\t\t\t<div class=\"elementor-column elementor-col-100 elementor-top-column elementor-element elementor-element-7569d3c\" data-id=\"7569d3c\" data-element_type=\"column\">\n\t\t\t<div class=\"elementor-widget-wrap elementor-element-populated\">\n\t\t\t\t\t\t\t\t<div class=\"elementor-element elementor-element-3713caf elementor-widget elementor-widget-heading\" data-id=\"3713caf\" data-element_type=\"widget\" data-widget_type=\"heading.default\">\n\t\t\t\t<div class=\"elementor-widget-container\">\n\t\t\t<style>\/*! elementor - v3.13.3 - 28-05-2023 *\/\n.elementor-heading-title{padding:0;margin:0;line-height:1}.elementor-widget-heading .elementor-heading-title[class*=elementor-size-]>a{color:inherit;font-size:inherit;line-height:inherit}.elementor-widget-heading .elementor-heading-title.elementor-size-small{font-size:15px}.elementor-widget-heading .elementor-heading-title.elementor-size-medium{font-size:19px}.elementor-widget-heading .elementor-heading-title.elementor-size-large{font-size:29px}.elementor-widget-heading .elementor-heading-title.elementor-size-xl{font-size:39px}.elementor-widget-heading .elementor-heading-title.elementor-size-xxl{font-size:59px}<\/style><h2 class=\"elementor-heading-title elementor-size-default\">Personal Data Privacy Policy\n<\/h2>\t\t<\/div>\n\t\t\t\t<\/div>\n\t\t\t\t\t<\/div>\n\t\t<\/div>\n\t\t\t\t\t\t\t<\/div>\n\t\t<\/section>\n\t\t\t\t<section class=\"elementor-section elementor-top-section elementor-element elementor-element-29c1549 elementor-section-boxed elementor-section-height-default elementor-section-height-default\" data-id=\"29c1549\" data-element_type=\"section\" data-settings=\"{&quot;jet_parallax_layout_list&quot;:[]}\">\n\t\t\t\t\t\t<div class=\"elementor-container elementor-column-gap-default\">\n\t\t\t\t\t<div class=\"elementor-column elementor-col-100 elementor-top-column elementor-element elementor-element-f7e0cdf\" data-id=\"f7e0cdf\" data-element_type=\"column\">\n\t\t\t<div class=\"elementor-widget-wrap elementor-element-populated\">\n\t\t\t\t\t\t\t\t<div class=\"elementor-element elementor-element-4f432c5 elementor-widget elementor-widget-heading\" data-id=\"4f432c5\" data-element_type=\"widget\" data-widget_type=\"heading.default\">\n\t\t\t\t<div class=\"elementor-widget-container\">\n\t\t\t<h2 class=\"elementor-heading-title elementor-size-default\">General considerations<\/h2>\t\t<\/div>\n\t\t\t\t<\/div>\n\t\t\t\t<div class=\"elementor-element elementor-element-f486435 elementor-widget elementor-widget-text-editor\" data-id=\"f486435\" data-element_type=\"widget\" data-widget_type=\"text-editor.default\">\n\t\t\t\t<div class=\"elementor-widget-container\">\n\t\t\t<style>\/*! elementor - v3.13.3 - 28-05-2023 *\/\n.elementor-widget-text-editor.elementor-drop-cap-view-stacked .elementor-drop-cap{background-color:#69727d;color:#fff}.elementor-widget-text-editor.elementor-drop-cap-view-framed .elementor-drop-cap{color:#69727d;border:3px solid;background-color:transparent}.elementor-widget-text-editor:not(.elementor-drop-cap-view-default) .elementor-drop-cap{margin-top:8px}.elementor-widget-text-editor:not(.elementor-drop-cap-view-default) .elementor-drop-cap-letter{width:1em;height:1em}.elementor-widget-text-editor .elementor-drop-cap{float:left;text-align:center;line-height:1;font-size:50px}.elementor-widget-text-editor .elementor-drop-cap-letter{display:inline-block}<\/style>\t\t\t\t<p><strong>Quantil S.A.S.<\/strong> is a company fully aware of the privacy rights imposed on the <strong>Personal Data (PD)<\/strong> of every natural person, legal entity, or company and is committed to safeguarding all rights regarding this right. It will protect private and confidential information obtained within the ordinary course of business in the development of its corporate purpose. The purpose of this policy is to protect the information entrusted to it, from the intention of delivery, the means by which it is sent, and its storage. It is always specified that all such information is provided voluntarily by the client and that the client has full power and ownership over it.<\/p>\t\t\t\t\t\t<\/div>\n\t\t\t\t<\/div>\n\t\t\t\t\t<\/div>\n\t\t<\/div>\n\t\t\t\t\t\t\t<\/div>\n\t\t<\/section>\n\t\t\t\t<section class=\"elementor-section elementor-top-section elementor-element elementor-element-3e325b2 elementor-section-boxed elementor-section-height-default elementor-section-height-default\" data-id=\"3e325b2\" data-element_type=\"section\" data-settings=\"{&quot;jet_parallax_layout_list&quot;:[]}\">\n\t\t\t\t\t\t<div class=\"elementor-container elementor-column-gap-default\">\n\t\t\t\t\t<div class=\"elementor-column elementor-col-100 elementor-top-column elementor-element elementor-element-586956d\" data-id=\"586956d\" data-element_type=\"column\">\n\t\t\t<div class=\"elementor-widget-wrap elementor-element-populated\">\n\t\t\t\t\t\t\t\t<div class=\"elementor-element elementor-element-91aa61e elementor-widget elementor-widget-heading\" data-id=\"91aa61e\" data-element_type=\"widget\" data-widget_type=\"heading.default\">\n\t\t\t\t<div class=\"elementor-widget-container\">\n\t\t\t<h2 class=\"elementor-heading-title elementor-size-default\">Policy Description<\/h2>\t\t<\/div>\n\t\t\t\t<\/div>\n\t\t\t\t<div class=\"elementor-element elementor-element-3f9e45e elementor-widget elementor-widget-text-editor\" data-id=\"3f9e45e\" data-element_type=\"widget\" data-widget_type=\"text-editor.default\">\n\t\t\t\t<div class=\"elementor-widget-container\">\n\t\t\t\t\t\t\t<ol>\n \t<li>In accordance with its corporate purpose (providing services related to the application of data analytics, software development, and support and consulting for the organization's services), Quantil handles information provided by clients for the provision of contracted services. Therefore, it considers the processing of such information to be as important as the development of its activities and services. Therefore, it will spare no effort in complying with regulations for the protection of such information.<\/li>\n \t<li>Quantil S.A.S. in hisAs the person responsible for managing personal information, he or she is responsible for processing it in strict compliance with applicable regulations, guaranteeing the rights of the information holders.<\/li>\n \t<li>Quantil S.A.S., in its commercial activities, handles personal information about its clients, collaborators, and suppliers in general. Quantil is responsible for processing personal information provided by clients under a service contract, for the purpose of transforming such information to enable the application of analytical strategies for decision-making.<\/li>\n \t<li>The aforementioned information is maintained in repositories and databases designated for the purposes of the contracted services.<\/li>\n \t<li>In the course of its activities, the collection of personal data by Quantil S.AS. will be limited to those personal data that are relevant and appropriate for the purpose for which they are collected or required in accordance with current regulations and its corporate purpose. Except in cases expressly provided for by law, personal data may not be collected withoutauthorization of the owner.<\/li>\n \t<li>The repositories and databases have the necessary security measures for the proper preservation of personal data and are currently maintained in the company's software and its own servers.<\/li>\n \t<li>Quantil S.A.S. has websites and social media platforms where individuals interested in the company's services have the option to subscribe to receive information of interest, service proposals, and other information. The data of the information holders will be compiled, stored, consulted, used, shared, exchanged, transmitted, transferred, and processed for the following purposes:\n<ul>\n \t<li>Maintain efficient communication of information that is useful to subscribers.<\/li>\n \t<li>Treat subscribers as potential customers and send them information of interest.<\/li>\n<\/ul>\n<\/li>\n \t<li>Quantil S.A.S provides services related to the application of mathematics, data analytics and software development to improve decision-making, within which it consolidates its clients' information, and in it, it incorporates personal information of suppliers and clients of those who have a contract with Quantil, in general they are records with pertinent and necessary information for due analysis. This information is maintained in the repositories and databases designated for this purpose and is used by the client in the implemented software. This information belongs exclusively to our clients, who are responsible for its processing. It will be stored solely for the following purposes: Under a service provision contract with our clients, in which information uploading, information processing, and disclosure for business intelligence purposes have been offered. Although this information has not been collected by Quantil, it has been contracted to process it for data analysis and transformation into metrics, and will be retained solely for those purposes, ensuring the privacy of this client-specific information.<\/li>\n \t<li>In the contractual relationships established by Quantil, you may assign the processing of your personal information to various individuals or legal entities for the company's mission and service delivery purposes. Those responsible for the information must have clear policies and adhere to our policy. The data processor's obligations include the following:\n<ul>\n \t<li>Take the necessary measures to ensure the confidentiality of the information.<\/li>\n \t<li>Use the information provided by the data controller who discloses the information only in the manner and for the purposes set forth in this contract.<\/li>\n \t<li>Refrain from making, for yourself or for third parties, copies, arrangements, reproductions, adaptations or any other type of mutilation, deformation or modification of confidential information.<\/li>\n \t<li>Not to disclose confidential information to third parties or any other person or entity without the prior, express, written consent of the data controller.<\/li>\n \t<li>Ensure that the communication systems and technological infrastructure in which the data received from the data controller are stored have the necessary security features to safeguard the information. When using information exchange media such as email and the Internet, the same measures will be applied to ensure that the information is not viewed or modified by persons outside the process.<\/li>\n \t<li>Always respect the information security policies established by the data controller.<\/li>\n \t<li>Do not reproduce the confidential information provided, unless necessary to fulfill the purpose for which it was provided, and it will only be disclosed to those employees, workers, or advisors who have a need to know, as directed by the contract supervisor.<\/li>\n \t<li>Under no circumstances may they transfer personal data to which they have access to third parties, not even for the purposes of storing it.<\/li>\n \t<li>Upon termination of business relationships for any reason, the data controller must destroy all documentation or information containing the data that may come into its possession as a result of any contractual relationship between the parties, using appropriate destruction methods, which in all cases must be approved by the data controller in accordance with the level of sensitivity and the medium on which it is stored.<\/li>\n<\/ul>\n<\/li>\n<\/ol>\t\t\t\t\t\t<\/div>\n\t\t\t\t<\/div>\n\t\t\t\t\t<\/div>\n\t\t<\/div>\n\t\t\t\t\t\t\t<\/div>\n\t\t<\/section>\n\t\t\t\t<section class=\"elementor-section elementor-top-section elementor-element elementor-element-a795ea7 elementor-section-boxed elementor-section-height-default elementor-section-height-default\" data-id=\"a795ea7\" data-element_type=\"section\" data-settings=\"{&quot;jet_parallax_layout_list&quot;:[]}\">\n\t\t\t\t\t\t<div class=\"elementor-container elementor-column-gap-default\">\n\t\t\t\t\t<div class=\"elementor-column elementor-col-100 elementor-top-column elementor-element elementor-element-dae5d21\" data-id=\"dae5d21\" data-element_type=\"column\">\n\t\t\t<div class=\"elementor-widget-wrap elementor-element-populated\">\n\t\t\t\t\t\t\t\t<div class=\"elementor-element elementor-element-3427c49 elementor-widget elementor-widget-heading\" data-id=\"3427c49\" data-element_type=\"widget\" data-widget_type=\"heading.default\">\n\t\t\t\t<div class=\"elementor-widget-container\">\n\t\t\t<h2 class=\"elementor-heading-title elementor-size-default\">Purpose of the processing of personal data<\/h2>\t\t<\/div>\n\t\t\t\t<\/div>\n\t\t\t\t<div class=\"elementor-element elementor-element-395811a elementor-widget elementor-widget-text-editor\" data-id=\"395811a\" data-element_type=\"widget\" data-widget_type=\"text-editor.default\">\n\t\t\t\t<div class=\"elementor-widget-container\">\n\t\t\t\t\t\t\tThe personal data provided to Quantil will be processed (collected, stored, used, circulated, or deleted) for the specific purpose for which it was provided and to fulfill the entity's other constitutional and legal functions.\t\t\t\t\t\t<\/div>\n\t\t\t\t<\/div>\n\t\t\t\t\t<\/div>\n\t\t<\/div>\n\t\t\t\t\t\t\t<\/div>\n\t\t<\/section>\n\t\t\t\t<section class=\"elementor-section elementor-top-section elementor-element elementor-element-4b55d05 elementor-section-boxed elementor-section-height-default elementor-section-height-default\" data-id=\"4b55d05\" data-element_type=\"section\" data-settings=\"{&quot;jet_parallax_layout_list&quot;:[]}\">\n\t\t\t\t\t\t<div class=\"elementor-container elementor-column-gap-default\">\n\t\t\t\t\t<div class=\"elementor-column elementor-col-100 elementor-top-column elementor-element elementor-element-987df9d\" data-id=\"987df9d\" data-element_type=\"column\">\n\t\t\t<div class=\"elementor-widget-wrap elementor-element-populated\">\n\t\t\t\t\t\t\t\t<div class=\"elementor-element elementor-element-0881c7b elementor-widget elementor-widget-heading\" data-id=\"0881c7b\" data-element_type=\"widget\" data-widget_type=\"heading.default\">\n\t\t\t\t<div class=\"elementor-widget-container\">\n\t\t\t<h2 class=\"elementor-heading-title elementor-size-default\">Exercise of the rights of personal data holders<\/h2>\t\t<\/div>\n\t\t\t\t<\/div>\n\t\t\t\t<div class=\"elementor-element elementor-element-a53b786 elementor-widget elementor-widget-text-editor\" data-id=\"a53b786\" data-element_type=\"widget\" data-widget_type=\"text-editor.default\">\n\t\t\t\t<div class=\"elementor-widget-container\">\n\t\t\t\t\t\t\t<p>Data subjects may access, update, and rectify their data; be informed about its use; submit inquiries and complaints regarding the handling of said data; revoke authorization or request deletion of their data, where appropriate; and exercise other rights granted by law.<br \/>To exercise your fundamental right to habeas data, you may use the contact mechanisms provided by Quantil.<br \/>The procedures and terms for handling inquiries, complaints, and other requests related to the exercise of the right to habeas data will follow the provisions of Law 1266 of 2008 and the data protection principles set forth in Law 1581 of 2012.<\/p>\t\t\t\t\t\t<\/div>\n\t\t\t\t<\/div>\n\t\t\t\t\t<\/div>\n\t\t<\/div>\n\t\t\t\t\t\t\t<\/div>\n\t\t<\/section>\n\t\t\t\t<section class=\"elementor-section elementor-top-section elementor-element elementor-element-495a2ab elementor-section-boxed elementor-section-height-default elementor-section-height-default\" data-id=\"495a2ab\" data-element_type=\"section\" data-settings=\"{&quot;jet_parallax_layout_list&quot;:[]}\">\n\t\t\t\t\t\t<div class=\"elementor-container elementor-column-gap-default\">\n\t\t\t\t\t<div class=\"elementor-column elementor-col-100 elementor-top-column elementor-element elementor-element-1bd2758\" data-id=\"1bd2758\" data-element_type=\"column\">\n\t\t\t<div class=\"elementor-widget-wrap elementor-element-populated\">\n\t\t\t\t\t\t\t\t<div class=\"elementor-element elementor-element-accd69f elementor-widget elementor-widget-heading\" data-id=\"accd69f\" data-element_type=\"widget\" data-widget_type=\"heading.default\">\n\t\t\t\t<div class=\"elementor-widget-container\">\n\t\t\t<h2 class=\"elementor-heading-title elementor-size-default\">Consultations, access and provision of information<\/h2>\t\t<\/div>\n\t\t\t\t<\/div>\n\t\t\t\t<div class=\"elementor-element elementor-element-7e8cd99 elementor-widget elementor-widget-text-editor\" data-id=\"7e8cd99\" data-element_type=\"widget\" data-widget_type=\"text-editor.default\">\n\t\t\t\t<div class=\"elementor-widget-container\">\n\t\t\t\t\t\t\tThe Data Owner may make his\/her query to QUANTIL through the following channels: email (<strong><a class=\"button-presentacion\" href=\"mailto:info@quantil.com.co\">info@quantil.com.co<\/a><\/strong>), indicating the request in the subject; in the Contact Us section of our website (<strong><a class=\"button-presentacion\" href=\"https:\/\/quantil.co\/en\/\" target=\"_blank\" rel=\"noopener\">https:\/\/quantil.co\/<\/a><\/strong> ), The application must have the following information:\n<ul>\n \t<li>Name and surname of the Holder.<\/li>\n \t<li>Petition in which the request for access or consultation is specified.<\/li>\n \t<li>Address for notifications, date and signature of the applicant.<\/li>\n \t<li>Supporting documents for the request made, where applicable.<\/li>\n<\/ul>\nIn accordance with the provisions of the Law, the Company's term to resolve these queries is ten (10) business days from the date of receipt thereof, and will respond via regular or electronic mail. When it is not possible to attend to the query within this term, the interested party will be informed, expressing the reasons for the delay and indicating the date on which your query will be attended to, which in no case may exceed five (5) business days after the expiration of the first term.\t\t\t\t\t\t<\/div>\n\t\t\t\t<\/div>\n\t\t\t\t\t<\/div>\n\t\t<\/div>\n\t\t\t\t\t\t\t<\/div>\n\t\t<\/section>\n\t\t\t\t<section class=\"elementor-section elementor-top-section elementor-element elementor-element-181c0cb elementor-section-boxed elementor-section-height-default elementor-section-height-default\" data-id=\"181c0cb\" data-element_type=\"section\" data-settings=\"{&quot;jet_parallax_layout_list&quot;:[]}\">\n\t\t\t\t\t\t<div class=\"elementor-container elementor-column-gap-default\">\n\t\t\t\t\t<div class=\"elementor-column elementor-col-100 elementor-top-column elementor-element elementor-element-9d30448\" data-id=\"9d30448\" data-element_type=\"column\">\n\t\t\t<div class=\"elementor-widget-wrap elementor-element-populated\">\n\t\t\t\t\t\t\t\t<div class=\"elementor-element elementor-element-f97fa0f elementor-widget elementor-widget-heading\" data-id=\"f97fa0f\" data-element_type=\"widget\" data-widget_type=\"heading.default\">\n\t\t\t\t<div class=\"elementor-widget-container\">\n\t\t\t<h2 class=\"elementor-heading-title elementor-size-default\">Claims<\/h2>\t\t<\/div>\n\t\t\t\t<\/div>\n\t\t\t\t<div class=\"elementor-element elementor-element-24e0b68 elementor-widget elementor-widget-text-editor\" data-id=\"24e0b68\" data-element_type=\"widget\" data-widget_type=\"text-editor.default\">\n\t\t\t\t<div class=\"elementor-widget-container\">\n\t\t\t\t\t\t\tIn data processing, four types of complaints are basically distinguished: correction complaints, deletion complaints, revocation complaints, and infringement complaints. The Data Owner may make his\/her claim toQUANTIL,through the following channels: email (<strong><a class=\"button-presentacion\" href=\"mailto:info@quantil.com.co\">info@quantil.com.co<\/a><\/strong>), <span style=\"font-weight: 400;\">indicating the request in the subject line; in the Contact Us section of our website (quantil.com.co). The request must include the following information:<\/span>\n<ul>\n \t<li>Name and surname of the Holder.<\/li>\n \t<li>Description of the facts and request specifying the request for correction, deletion, revocation or infringement.<\/li>\n \t<li>Address for notifications, date and signature of the applicant.<\/li>\n \t<li>Supporting documents for the petition filed that is to be asserted, where applicable. If the claim is incomplete, the interested party will be required within five (5) days following receipt of the claim to correct the deficiencies. If the applicant fails to submit the required information within two (2) months from the date of the request, the claim will be deemed to have been withdrawn.<\/li>\n<\/ul>\nOnce the complete claim has been received, a legend stating \"Claim in process\" and the reason for the claim will be added to the database within a period of no more than two (2) business days. This legend must remain in effect until the claim is decided. In accordance with the law, the Company has a term to resolve these claims within fifteen (15) business days from the date of receipt, and will respond via regular or electronic mail. When it is not possible to address the query within this term, the interested party will be informed, stating the reasons for the delay and indicating the date on which their query will be addressed, which in no case may exceed eight (8) business days following the expiration of the first term.\t\t\t\t\t\t<\/div>\n\t\t\t\t<\/div>\n\t\t\t\t\t<\/div>\n\t\t<\/div>\n\t\t\t\t\t\t\t<\/div>\n\t\t<\/section>\n\t\t\t\t\t\t\t<\/div>","protected":false},"excerpt":{"rendered":"<p>Pol\u00edtica de privacidad de datos personales Consideraciones generales Quantil S.A.S. es una empresa que tiene plena conciencia de la privacidad emitida sobre los Datos Personales (DP) de cada persona natural, jur\u00eddica o empresa y se encuentra comprometida a salvaguardar todo sobre dicho derecho. Proteger\u00e1 la informaci\u00f3n de car\u00e1cter privado y confidencial que es obtenida dentro [&hellip;]<\/p>","protected":false},"author":1,"featured_media":0,"parent":0,"menu_order":0,"comment_status":"closed","ping_status":"closed","template":"elementor_header_footer","meta":{"om_disable_all_campaigns":false,"_monsterinsights_skip_tracking":false,"_monsterinsights_sitenote_active":false,"_monsterinsights_sitenote_note":"","_monsterinsights_sitenote_category":0,"_uf_show_specific_survey":0,"_uf_disable_surveys":false},"aioseo_notices":[],"_links":{"self":[{"href":"https:\/\/quantil.co\/en\/wp-json\/wp\/v2\/pages\/5258"}],"collection":[{"href":"https:\/\/quantil.co\/en\/wp-json\/wp\/v2\/pages"}],"about":[{"href":"https:\/\/quantil.co\/en\/wp-json\/wp\/v2\/types\/page"}],"author":[{"embeddable":true,"href":"https:\/\/quantil.co\/en\/wp-json\/wp\/v2\/users\/1"}],"replies":[{"embeddable":true,"href":"https:\/\/quantil.co\/en\/wp-json\/wp\/v2\/comments?post=5258"}],"version-history":[{"count":52,"href":"https:\/\/quantil.co\/en\/wp-json\/wp\/v2\/pages\/5258\/revisions"}],"predecessor-version":[{"id":5363,"href":"https:\/\/quantil.co\/en\/wp-json\/wp\/v2\/pages\/5258\/revisions\/5363"}],"wp:attachment":[{"href":"https:\/\/quantil.co\/en\/wp-json\/wp\/v2\/media?parent=5258"}],"curies":[{"name":"wp","href":"https:\/\/api.w.org\/{rel}","templated":true}]}}