{"id":5410,"date":"2025-07-16T14:28:03","date_gmt":"2025-07-16T14:28:03","guid":{"rendered":"https:\/\/quantil.co\/?page_id=5410"},"modified":"2025-07-16T14:36:12","modified_gmt":"2025-07-16T14:36:12","slug":"mauricio-roman","status":"publish","type":"page","link":"https:\/\/quantil.co\/en\/mauricio-roman\/","title":{"rendered":"Mauricio Rom\u00e1n"},"content":{"rendered":"<div data-elementor-type=\"wp-page\" data-elementor-id=\"5410\" class=\"elementor elementor-5410\">\n\t\t\t\t\t\t\t\t\t<section class=\"elementor-section elementor-top-section elementor-element elementor-element-1f3f8be elementor-section-height-min-height elementor-section-boxed elementor-section-height-default elementor-section-items-middle\" data-id=\"1f3f8be\" data-element_type=\"section\" data-settings=\"{&quot;jet_parallax_layout_list&quot;:[],&quot;background_background&quot;:&quot;classic&quot;}\">\n\t\t\t\t\t\t<div class=\"elementor-container elementor-column-gap-default\">\n\t\t\t\t\t<div class=\"elementor-column elementor-col-100 elementor-top-column elementor-element elementor-element-712f1c1\" data-id=\"712f1c1\" data-element_type=\"column\">\n\t\t\t<div class=\"elementor-widget-wrap elementor-element-populated\">\n\t\t\t\t\t\t\t\t<div class=\"elementor-element elementor-element-b0e1f51 elementor-widget elementor-widget-heading\" data-id=\"b0e1f51\" data-element_type=\"widget\" data-widget_type=\"heading.default\">\n\t\t\t\t<div class=\"elementor-widget-container\">\n\t\t\t<style>\/*! elementor - v3.13.3 - 28-05-2023 *\/\n.elementor-heading-title{padding:0;margin:0;line-height:1}.elementor-widget-heading .elementor-heading-title[class*=elementor-size-]>a{color:inherit;font-size:inherit;line-height:inherit}.elementor-widget-heading .elementor-heading-title.elementor-size-small{font-size:15px}.elementor-widget-heading .elementor-heading-title.elementor-size-medium{font-size:19px}.elementor-widget-heading .elementor-heading-title.elementor-size-large{font-size:29px}.elementor-widget-heading .elementor-heading-title.elementor-size-xl{font-size:39px}.elementor-widget-heading .elementor-heading-title.elementor-size-xxl{font-size:59px}<\/style><h2 class=\"elementor-heading-title elementor-size-default\">Team<\/h2>\t\t<\/div>\n\t\t\t\t<\/div>\n\t\t\t\t<div class=\"elementor-element elementor-element-81a7789 elementor-widget elementor-widget-text-editor\" data-id=\"81a7789\" data-element_type=\"widget\" data-widget_type=\"text-editor.default\">\n\t\t\t\t<div class=\"elementor-widget-container\">\n\t\t\t<style>\/*! elementor - v3.13.3 - 28-05-2023 *\/\n.elementor-widget-text-editor.elementor-drop-cap-view-stacked .elementor-drop-cap{background-color:#69727d;color:#fff}.elementor-widget-text-editor.elementor-drop-cap-view-framed .elementor-drop-cap{color:#69727d;border:3px solid;background-color:transparent}.elementor-widget-text-editor:not(.elementor-drop-cap-view-default) .elementor-drop-cap{margin-top:8px}.elementor-widget-text-editor:not(.elementor-drop-cap-view-default) .elementor-drop-cap-letter{width:1em;height:1em}.elementor-widget-text-editor .elementor-drop-cap{float:left;text-align:center;line-height:1;font-size:50px}.elementor-widget-text-editor .elementor-drop-cap-letter{display:inline-block}<\/style>\t\t\t\t<p><b>Manager<\/b><\/p>\t\t\t\t\t\t<\/div>\n\t\t\t\t<\/div>\n\t\t\t\t\t<\/div>\n\t\t<\/div>\n\t\t\t\t\t\t\t<\/div>\n\t\t<\/section>\n\t\t\t\t<section class=\"elementor-section elementor-top-section elementor-element elementor-element-fbbbcda elementor-section-height-min-height elementor-section-boxed elementor-section-height-default elementor-section-items-middle\" data-id=\"fbbbcda\" data-element_type=\"section\" data-settings=\"{&quot;jet_parallax_layout_list&quot;:[]}\">\n\t\t\t\t\t\t<div class=\"elementor-container elementor-column-gap-default\">\n\t\t\t\t\t<div class=\"elementor-column elementor-col-100 elementor-top-column elementor-element elementor-element-4969e42\" data-id=\"4969e42\" data-element_type=\"column\">\n\t\t\t<div class=\"elementor-widget-wrap elementor-element-populated\">\n\t\t\t\t\t\t\t\t<div class=\"elementor-element elementor-element-99facf0 elementor-widget elementor-widget-button\" data-id=\"99facf0\" data-element_type=\"widget\" data-widget_type=\"button.default\">\n\t\t\t\t<div class=\"elementor-widget-container\">\n\t\t\t\t\t<div class=\"elementor-button-wrapper\">\n\t\t\t<a href=\"https:\/\/quantil.co\/en\/equipo\/#directivo\" class=\"elementor-button-link elementor-button elementor-size-sm\" role=\"button\">\n\t\t\t\t\t\t<span class=\"elementor-button-content-wrapper\">\n\t\t\t\t\t\t\t<span class=\"elementor-button-icon elementor-align-icon-left\">\n\t\t\t\t<i aria-hidden=\"true\" class=\"fas fa-arrow-left\"><\/i>\t\t\t<\/span>\n\t\t\t\t\t\t<span class=\"elementor-button-text\">Back<\/span>\n\t\t<\/span>\n\t\t\t\t\t<\/a>\n\t\t<\/div>\n\t\t\t\t<\/div>\n\t\t\t\t<\/div>\n\t\t\t\t<div class=\"elementor-element elementor-element-33a0a48 elementor-widget elementor-widget-heading\" data-id=\"33a0a48\" data-element_type=\"widget\" data-widget_type=\"heading.default\">\n\t\t\t\t<div class=\"elementor-widget-container\">\n\t\t\t<h2 class=\"elementor-heading-title elementor-size-default\">Mauricio Rom\u00e1n<\/h2>\t\t<\/div>\n\t\t\t\t<\/div>\n\t\t\t\t\t<\/div>\n\t\t<\/div>\n\t\t\t\t\t\t\t<\/div>\n\t\t<\/section>\n\t\t\t\t<section class=\"elementor-section elementor-top-section elementor-element elementor-element-87222e7 elementor-section-boxed elementor-section-height-default elementor-section-height-default\" data-id=\"87222e7\" data-element_type=\"section\" data-settings=\"{&quot;jet_parallax_layout_list&quot;:[]}\">\n\t\t\t\t\t\t<div class=\"elementor-container elementor-column-gap-default\">\n\t\t\t\t\t<div class=\"elementor-column elementor-col-50 elementor-top-column elementor-element elementor-element-f6cca8e\" data-id=\"f6cca8e\" data-element_type=\"column\">\n\t\t\t<div class=\"elementor-widget-wrap elementor-element-populated\">\n\t\t\t\t\t\t\t\t<div class=\"elementor-element elementor-element-f435a78 elementor-widget elementor-widget-image\" data-id=\"f435a78\" data-element_type=\"widget\" data-widget_type=\"image.default\">\n\t\t\t\t<div class=\"elementor-widget-container\">\n\t\t\t<style>\/*! elementor - v3.13.3 - 28-05-2023 *\/\n.elementor-widget-image{text-align:center}.elementor-widget-image a{display:inline-block}.elementor-widget-image a img[src$=\".svg\"]{width:48px}.elementor-widget-image img{vertical-align:middle;display:inline-block}<\/style>\t\t\t\t\t\t\t\t\t\t\t\t<img decoding=\"async\" width=\"500\" height=\"500\" src=\"https:\/\/quantil.co\/wp-content\/uploads\/2025\/07\/Mauricio_roman.png\" class=\"attachment-large size-large wp-image-5403\" alt=\"\" loading=\"lazy\" srcset=\"https:\/\/quantil.co\/wp-content\/uploads\/2025\/07\/Mauricio_roman.png 500w, https:\/\/quantil.co\/wp-content\/uploads\/2025\/07\/Mauricio_roman-300x300.png 300w, https:\/\/quantil.co\/wp-content\/uploads\/2025\/07\/Mauricio_roman-150x150.png 150w, https:\/\/quantil.co\/wp-content\/uploads\/2025\/07\/Mauricio_roman-12x12.png 12w\" sizes=\"(max-width: 500px) 100vw, 500px\" \/>\t\t\t\t\t\t\t\t\t\t\t\t\t\t\t<\/div>\n\t\t\t\t<\/div>\n\t\t\t\t\t<\/div>\n\t\t<\/div>\n\t\t\t\t<div class=\"elementor-column elementor-col-50 elementor-top-column elementor-element elementor-element-bfca56e\" data-id=\"bfca56e\" data-element_type=\"column\">\n\t\t\t<div class=\"elementor-widget-wrap elementor-element-populated\">\n\t\t\t\t\t\t\t\t<div class=\"elementor-element elementor-element-6cf36da elementor-widget elementor-widget-text-editor\" data-id=\"6cf36da\" data-element_type=\"widget\" data-widget_type=\"text-editor.default\">\n\t\t\t\t<div class=\"elementor-widget-container\">\n\t\t\t\t\t\t\t<p style=\"text-align: justify;\">Mauricio Roman is a partner at Quantil\u2019s U.S. subsidiary, based in Portland, and brings over 15 years of experience in technological innovation. He holds an advanced degree from the MIT Sloan School of Management and has worked as a consultant at McKinsey &amp; Company in Palo Alto. Mauricio combines strong technical expertise with strategic business insight.Specialized in data science, Mauricio leads the development of advanced solutions, including search algorithms, anomaly detection systems, and log analysis enriched with data, using cloud technologies. His leadership has been instrumental in launching innovative products such as AWS Fargate, as well as in pricing optimization for services like AWS EKS and Lambda, generating millions of dollars in savings. He has also driven financial analysis and capacity optimization projects, and contributed to valuation and M&amp;A strategies for high-tech clients and private equity funds during his time as a consultant. Mauricio holds multiple patents in distributed code execution systems, reflecting his impact on technological innovation. Passionate about mentorship, he actively shares his experience in professional development, promoting the importance of visibility and strategic focus in business.<\/p>\t\t\t\t\t\t<\/div>\n\t\t\t\t<\/div>\n\t\t\t\t\t<\/div>\n\t\t<\/div>\n\t\t\t\t\t\t\t<\/div>\n\t\t<\/section>\n\t\t\t\t\t\t\t<\/div>","protected":false},"excerpt":{"rendered":"<p>Equipo Directivo Volver Mauricio Rom\u00e1n Mauricio Rom\u00e1n es Socio de la filial estadounidense de Quantil, con sede en Portland, y aporta m\u00e1s de 15 a\u00f1os de experiencia en innovaci\u00f3n tecnol\u00f3gica. Posee un t\u00edtulo avanzado de la Sloan School of Management del MIT y ha trabajado como consultor en McKinsey &amp; Company en Palo Alto. Mauricio [&hellip;]<\/p>","protected":false},"author":1,"featured_media":0,"parent":0,"menu_order":0,"comment_status":"closed","ping_status":"closed","template":"","meta":{"om_disable_all_campaigns":false,"_monsterinsights_skip_tracking":false,"_monsterinsights_sitenote_active":false,"_monsterinsights_sitenote_note":"","_monsterinsights_sitenote_category":0,"_uf_show_specific_survey":0,"_uf_disable_surveys":false},"aioseo_notices":[],"_links":{"self":[{"href":"https:\/\/quantil.co\/en\/wp-json\/wp\/v2\/pages\/5410"}],"collection":[{"href":"https:\/\/quantil.co\/en\/wp-json\/wp\/v2\/pages"}],"about":[{"href":"https:\/\/quantil.co\/en\/wp-json\/wp\/v2\/types\/page"}],"author":[{"embeddable":true,"href":"https:\/\/quantil.co\/en\/wp-json\/wp\/v2\/users\/1"}],"replies":[{"embeddable":true,"href":"https:\/\/quantil.co\/en\/wp-json\/wp\/v2\/comments?post=5410"}],"version-history":[{"count":16,"href":"https:\/\/quantil.co\/en\/wp-json\/wp\/v2\/pages\/5410\/revisions"}],"predecessor-version":[{"id":5438,"href":"https:\/\/quantil.co\/en\/wp-json\/wp\/v2\/pages\/5410\/revisions\/5438"}],"wp:attachment":[{"href":"https:\/\/quantil.co\/en\/wp-json\/wp\/v2\/media?parent=5410"}],"curies":[{"name":"wp","href":"https:\/\/api.w.org\/{rel}","templated":true}]}}