{"id":1657,"date":"2022-11-08T22:37:54","date_gmt":"2022-11-08T22:37:54","guid":{"rendered":"https:\/\/pagina.quantil.co\/?page_id=1657"},"modified":"2025-07-16T14:43:07","modified_gmt":"2025-07-16T14:43:07","slug":"alvaro-riascos","status":"publish","type":"page","link":"https:\/\/quantil.co\/es\/alvaro-riascos\/","title":{"rendered":"\u00c1lvaro Riascos"},"content":{"rendered":"\t\t<div data-elementor-type=\"wp-page\" data-elementor-id=\"1657\" class=\"elementor elementor-1657\">\n\t\t\t\t\t\t\t\t\t<section class=\"elementor-section elementor-top-section elementor-element elementor-element-1f3f8be elementor-section-height-min-height elementor-section-boxed elementor-section-height-default elementor-section-items-middle\" data-id=\"1f3f8be\" data-element_type=\"section\" data-settings=\"{&quot;jet_parallax_layout_list&quot;:[],&quot;background_background&quot;:&quot;classic&quot;}\">\n\t\t\t\t\t\t<div class=\"elementor-container elementor-column-gap-default\">\n\t\t\t\t\t<div class=\"elementor-column elementor-col-100 elementor-top-column elementor-element elementor-element-712f1c1\" data-id=\"712f1c1\" data-element_type=\"column\">\n\t\t\t<div class=\"elementor-widget-wrap elementor-element-populated\">\n\t\t\t\t\t\t\t\t<div class=\"elementor-element elementor-element-b0e1f51 elementor-widget elementor-widget-heading\" data-id=\"b0e1f51\" data-element_type=\"widget\" data-widget_type=\"heading.default\">\n\t\t\t\t<div class=\"elementor-widget-container\">\n\t\t\t<style>\/*! elementor - v3.13.3 - 28-05-2023 *\/\n.elementor-heading-title{padding:0;margin:0;line-height:1}.elementor-widget-heading .elementor-heading-title[class*=elementor-size-]>a{color:inherit;font-size:inherit;line-height:inherit}.elementor-widget-heading .elementor-heading-title.elementor-size-small{font-size:15px}.elementor-widget-heading .elementor-heading-title.elementor-size-medium{font-size:19px}.elementor-widget-heading .elementor-heading-title.elementor-size-large{font-size:29px}.elementor-widget-heading .elementor-heading-title.elementor-size-xl{font-size:39px}.elementor-widget-heading .elementor-heading-title.elementor-size-xxl{font-size:59px}<\/style><h2 class=\"elementor-heading-title elementor-size-default\">Equipo<\/h2>\t\t<\/div>\n\t\t\t\t<\/div>\n\t\t\t\t<div class=\"elementor-element elementor-element-81a7789 elementor-widget elementor-widget-text-editor\" data-id=\"81a7789\" data-element_type=\"widget\" data-widget_type=\"text-editor.default\">\n\t\t\t\t<div class=\"elementor-widget-container\">\n\t\t\t<style>\/*! elementor - v3.13.3 - 28-05-2023 *\/\n.elementor-widget-text-editor.elementor-drop-cap-view-stacked .elementor-drop-cap{background-color:#69727d;color:#fff}.elementor-widget-text-editor.elementor-drop-cap-view-framed .elementor-drop-cap{color:#69727d;border:3px solid;background-color:transparent}.elementor-widget-text-editor:not(.elementor-drop-cap-view-default) .elementor-drop-cap{margin-top:8px}.elementor-widget-text-editor:not(.elementor-drop-cap-view-default) .elementor-drop-cap-letter{width:1em;height:1em}.elementor-widget-text-editor .elementor-drop-cap{float:left;text-align:center;line-height:1;font-size:50px}.elementor-widget-text-editor .elementor-drop-cap-letter{display:inline-block}<\/style>\t\t\t\t<p><strong>Directivo<\/strong> &amp;\u00a0<b>Miner\u00eda<\/b> de datos<\/p>\t\t\t\t\t\t<\/div>\n\t\t\t\t<\/div>\n\t\t\t\t\t<\/div>\n\t\t<\/div>\n\t\t\t\t\t\t\t<\/div>\n\t\t<\/section>\n\t\t\t\t<section class=\"elementor-section elementor-top-section elementor-element elementor-element-fbbbcda elementor-section-height-min-height elementor-section-boxed elementor-section-height-default elementor-section-items-middle\" data-id=\"fbbbcda\" data-element_type=\"section\" data-settings=\"{&quot;jet_parallax_layout_list&quot;:[]}\">\n\t\t\t\t\t\t<div class=\"elementor-container elementor-column-gap-default\">\n\t\t\t\t\t<div class=\"elementor-column elementor-col-100 elementor-top-column elementor-element elementor-element-4969e42\" data-id=\"4969e42\" data-element_type=\"column\">\n\t\t\t<div class=\"elementor-widget-wrap elementor-element-populated\">\n\t\t\t\t\t\t\t\t<div class=\"elementor-element elementor-element-33a0a48 elementor-widget elementor-widget-heading\" data-id=\"33a0a48\" data-element_type=\"widget\" data-widget_type=\"heading.default\">\n\t\t\t\t<div class=\"elementor-widget-container\">\n\t\t\t<h2 class=\"elementor-heading-title elementor-size-default\">\u00c1lvaro Riascos<\/h2>\t\t<\/div>\n\t\t\t\t<\/div>\n\t\t\t\t<div class=\"elementor-element elementor-element-99facf0 elementor-widget elementor-widget-button\" data-id=\"99facf0\" data-element_type=\"widget\" data-widget_type=\"button.default\">\n\t\t\t\t<div class=\"elementor-widget-container\">\n\t\t\t\t\t<div class=\"elementor-button-wrapper\">\n\t\t\t<a href=\"https:\/\/quantil.co\/equipo\/#directivo\" class=\"elementor-button-link elementor-button elementor-size-sm\" role=\"button\">\n\t\t\t\t\t\t<span class=\"elementor-button-content-wrapper\">\n\t\t\t\t\t\t\t<span class=\"elementor-button-icon elementor-align-icon-left\">\n\t\t\t\t<i aria-hidden=\"true\" class=\"fas fa-arrow-left\"><\/i>\t\t\t<\/span>\n\t\t\t\t\t\t<span class=\"elementor-button-text\">Volver<\/span>\n\t\t<\/span>\n\t\t\t\t\t<\/a>\n\t\t<\/div>\n\t\t\t\t<\/div>\n\t\t\t\t<\/div>\n\t\t\t\t\t<\/div>\n\t\t<\/div>\n\t\t\t\t\t\t\t<\/div>\n\t\t<\/section>\n\t\t\t\t<section class=\"elementor-section elementor-top-section elementor-element elementor-element-87222e7 elementor-section-boxed elementor-section-height-default elementor-section-height-default\" data-id=\"87222e7\" data-element_type=\"section\" data-settings=\"{&quot;jet_parallax_layout_list&quot;:[]}\">\n\t\t\t\t\t\t<div class=\"elementor-container elementor-column-gap-default\">\n\t\t\t\t\t<div class=\"elementor-column elementor-col-50 elementor-top-column elementor-element elementor-element-f6cca8e\" data-id=\"f6cca8e\" data-element_type=\"column\">\n\t\t\t<div class=\"elementor-widget-wrap elementor-element-populated\">\n\t\t\t\t\t\t\t\t<div class=\"elementor-element elementor-element-f435a78 elementor-widget elementor-widget-image\" data-id=\"f435a78\" data-element_type=\"widget\" data-widget_type=\"image.default\">\n\t\t\t\t<div class=\"elementor-widget-container\">\n\t\t\t<style>\/*! elementor - v3.13.3 - 28-05-2023 *\/\n.elementor-widget-image{text-align:center}.elementor-widget-image a{display:inline-block}.elementor-widget-image a img[src$=\".svg\"]{width:48px}.elementor-widget-image img{vertical-align:middle;display:inline-block}<\/style>\t\t\t\t\t\t\t\t\t\t\t\t<img decoding=\"async\" width=\"500\" height=\"500\" src=\"https:\/\/quantil.co\/wp-content\/uploads\/2022\/11\/alvaro_riascos.jpg\" class=\"attachment-large size-large wp-image-1588\" alt=\"\" loading=\"lazy\" srcset=\"https:\/\/quantil.co\/wp-content\/uploads\/2022\/11\/alvaro_riascos.jpg 500w, https:\/\/quantil.co\/wp-content\/uploads\/2022\/11\/alvaro_riascos-300x300.jpg 300w, https:\/\/quantil.co\/wp-content\/uploads\/2022\/11\/alvaro_riascos-150x150.jpg 150w\" sizes=\"(max-width: 500px) 100vw, 500px\" \/>\t\t\t\t\t\t\t\t\t\t\t\t\t\t\t<\/div>\n\t\t\t\t<\/div>\n\t\t\t\t\t<\/div>\n\t\t<\/div>\n\t\t\t\t<div class=\"elementor-column elementor-col-50 elementor-top-column elementor-element elementor-element-bfca56e\" data-id=\"bfca56e\" data-element_type=\"column\">\n\t\t\t<div class=\"elementor-widget-wrap elementor-element-populated\">\n\t\t\t\t\t\t\t\t<div class=\"elementor-element elementor-element-6cf36da elementor-widget elementor-widget-text-editor\" data-id=\"6cf36da\" data-element_type=\"widget\" data-widget_type=\"text-editor.default\">\n\t\t\t\t<div class=\"elementor-widget-container\">\n\t\t\t\t\t\t\t<p align=\"justify\">Matem\u00e1tico de la Universidad de los Andes en Bogot\u00e1. Tiene una Maestr\u00eda y un Doctorado en Matem\u00e1ticas Aplicadas del Instituto de Matem\u00e1ticas Puras e Aplicadas en Rio de Janeiro (IMPA). Ha sido Profesor Visitante de la Universidad de California en Los Angeles, IMPA en Rio de Janeiro, Kellogg en la Universidad de Northwestern, Investigador Visitante del Fondo Monetario Internacional en Washington D.C., Cowles Foundation for Economic Research en la Universidad de Yale, JP Morgan en Nueva York; consultor del Banco Mundial y el Banco Interamericano de Desarrollo y, por nueve a\u00f1os, Investigador de la Subgerencia de Estudio Econ\u00f3micos del Banco de la Rep\u00fablica (1996 \u2013 2005). Sus intereses acad\u00e9micos han estado relacionados principalmente con la teor\u00eda general del equilibrio, teor\u00eda de subastas, teor\u00eda de juegos y matem\u00e1ticas aplicadas al sector energ\u00e9tico, salud p\u00fablica y pol\u00edtica de competencia. Ha publicado en el European Competition Law Review, Peace and Security Economics, Latin American Journal of Economics, Journal of Mathematical Economics, Journal of Monetary Economics, Advances in Theoretical Economics, Topics in Theoretical Economics, Energy Journal, Applied Behavioral Statistics, International Journal of Knowledge Discovery in Bioinformatics entre otros. Es el autor del texto M\u00e9todos Matem\u00e1ticos y Computacionales en Macroeconom\u00eda (Ediciones UNIANDES) y desde el segundo semestre del 2005 se encuentra vinculado como Profesor e Investigador de la Facultad de Econom\u00eda de la Universidad de los Andes. Es fundador y director de Quantil (<a class=\"button-presentacion\" target=\"_black\" style=\"color: #36C2B4\" href=\"https:\/\/quantil.co\/\">quantil.co<\/a>), una compa\u00f1\u00eda de matem\u00e1ticas aplicadas a la industria, exmiembro de la Junta Directiva de XM, miembro del comit\u00e9 de inversiones de Asset Management del Grupo Bancolombia y Presidente de la Comisi\u00f3n de Matem\u00e1ticas Aplicadas e Industriales de la Sociedad Colombiana de Matem\u00e1ticas.<\/p>\t\t\t\t\t\t<\/div>\n\t\t\t\t<\/div>\n\t\t\t\t\t<\/div>\n\t\t<\/div>\n\t\t\t\t\t\t\t<\/div>\n\t\t<\/section>\n\t\t\t\t\t\t\t<\/div>\n\t\t","protected":false},"excerpt":{"rendered":"<p>Equipo Directivo &amp;\u00a0Miner\u00eda de datos \u00c1lvaro Riascos Volver Matem\u00e1tico de la Universidad de los Andes en Bogot\u00e1. Tiene una Maestr\u00eda y un Doctorado en Matem\u00e1ticas Aplicadas del Instituto de Matem\u00e1ticas Puras e Aplicadas en Rio de Janeiro (IMPA). Ha sido Profesor Visitante de la Universidad de California en Los Angeles, IMPA en Rio de Janeiro, [&hellip;]<\/p>\n","protected":false},"author":1,"featured_media":0,"parent":0,"menu_order":0,"comment_status":"closed","ping_status":"closed","template":"","meta":{"om_disable_all_campaigns":false,"_monsterinsights_skip_tracking":false,"_monsterinsights_sitenote_active":false,"_monsterinsights_sitenote_note":"","_monsterinsights_sitenote_category":0,"_uf_show_specific_survey":0,"_uf_disable_surveys":false},"aioseo_notices":[],"_links":{"self":[{"href":"https:\/\/quantil.co\/es\/wp-json\/wp\/v2\/pages\/1657"}],"collection":[{"href":"https:\/\/quantil.co\/es\/wp-json\/wp\/v2\/pages"}],"about":[{"href":"https:\/\/quantil.co\/es\/wp-json\/wp\/v2\/types\/page"}],"author":[{"embeddable":true,"href":"https:\/\/quantil.co\/es\/wp-json\/wp\/v2\/users\/1"}],"replies":[{"embeddable":true,"href":"https:\/\/quantil.co\/es\/wp-json\/wp\/v2\/comments?post=1657"}],"version-history":[{"count":45,"href":"https:\/\/quantil.co\/es\/wp-json\/wp\/v2\/pages\/1657\/revisions"}],"predecessor-version":[{"id":5449,"href":"https:\/\/quantil.co\/es\/wp-json\/wp\/v2\/pages\/1657\/revisions\/5449"}],"wp:attachment":[{"href":"https:\/\/quantil.co\/es\/wp-json\/wp\/v2\/media?parent=1657"}],"curies":[{"name":"wp","href":"https:\/\/api.w.org\/{rel}","templated":true}]}}