{"id":1912,"date":"2022-11-09T13:51:17","date_gmt":"2022-11-09T13:51:17","guid":{"rendered":"https:\/\/pagina.quantil.co\/?page_id=1912"},"modified":"2025-07-16T14:43:46","modified_gmt":"2025-07-16T14:43:46","slug":"diego-jara","status":"publish","type":"page","link":"https:\/\/quantil.co\/es\/diego-jara\/","title":{"rendered":"Diego Jara"},"content":{"rendered":"\t\t<div data-elementor-type=\"wp-page\" data-elementor-id=\"1912\" class=\"elementor elementor-1912\">\n\t\t\t\t\t\t\t\t\t<section class=\"elementor-section elementor-top-section elementor-element elementor-element-1f3f8be elementor-section-height-min-height elementor-section-boxed elementor-section-height-default elementor-section-items-middle\" data-id=\"1f3f8be\" data-element_type=\"section\" data-settings=\"{&quot;jet_parallax_layout_list&quot;:[],&quot;background_background&quot;:&quot;classic&quot;}\">\n\t\t\t\t\t\t<div class=\"elementor-container elementor-column-gap-default\">\n\t\t\t\t\t<div class=\"elementor-column elementor-col-100 elementor-top-column elementor-element elementor-element-712f1c1\" data-id=\"712f1c1\" data-element_type=\"column\">\n\t\t\t<div class=\"elementor-widget-wrap elementor-element-populated\">\n\t\t\t\t\t\t\t\t<div class=\"elementor-element elementor-element-b0e1f51 elementor-widget elementor-widget-heading\" data-id=\"b0e1f51\" data-element_type=\"widget\" data-widget_type=\"heading.default\">\n\t\t\t\t<div class=\"elementor-widget-container\">\n\t\t\t<style>\/*! elementor - v3.13.3 - 28-05-2023 *\/\n.elementor-heading-title{padding:0;margin:0;line-height:1}.elementor-widget-heading .elementor-heading-title[class*=elementor-size-]>a{color:inherit;font-size:inherit;line-height:inherit}.elementor-widget-heading .elementor-heading-title.elementor-size-small{font-size:15px}.elementor-widget-heading .elementor-heading-title.elementor-size-medium{font-size:19px}.elementor-widget-heading .elementor-heading-title.elementor-size-large{font-size:29px}.elementor-widget-heading .elementor-heading-title.elementor-size-xl{font-size:39px}.elementor-widget-heading .elementor-heading-title.elementor-size-xxl{font-size:59px}<\/style><h2 class=\"elementor-heading-title elementor-size-default\">Equipo<\/h2>\t\t<\/div>\n\t\t\t\t<\/div>\n\t\t\t\t<div class=\"elementor-element elementor-element-81a7789 elementor-widget elementor-widget-text-editor\" data-id=\"81a7789\" data-element_type=\"widget\" data-widget_type=\"text-editor.default\">\n\t\t\t\t<div class=\"elementor-widget-container\">\n\t\t\t<style>\/*! elementor - v3.13.3 - 28-05-2023 *\/\n.elementor-widget-text-editor.elementor-drop-cap-view-stacked .elementor-drop-cap{background-color:#69727d;color:#fff}.elementor-widget-text-editor.elementor-drop-cap-view-framed .elementor-drop-cap{color:#69727d;border:3px solid;background-color:transparent}.elementor-widget-text-editor:not(.elementor-drop-cap-view-default) .elementor-drop-cap{margin-top:8px}.elementor-widget-text-editor:not(.elementor-drop-cap-view-default) .elementor-drop-cap-letter{width:1em;height:1em}.elementor-widget-text-editor .elementor-drop-cap{float:left;text-align:center;line-height:1;font-size:50px}.elementor-widget-text-editor .elementor-drop-cap-letter{display:inline-block}<\/style>\t\t\t\t<p><b>Directivo <\/b>&amp;<b> Matem\u00e1ticas<\/b> financieras<\/p>\t\t\t\t\t\t<\/div>\n\t\t\t\t<\/div>\n\t\t\t\t\t<\/div>\n\t\t<\/div>\n\t\t\t\t\t\t\t<\/div>\n\t\t<\/section>\n\t\t\t\t<section class=\"elementor-section elementor-top-section elementor-element elementor-element-fbbbcda elementor-section-height-min-height elementor-section-boxed elementor-section-height-default elementor-section-items-middle\" data-id=\"fbbbcda\" data-element_type=\"section\" data-settings=\"{&quot;jet_parallax_layout_list&quot;:[]}\">\n\t\t\t\t\t\t<div class=\"elementor-container elementor-column-gap-default\">\n\t\t\t\t\t<div class=\"elementor-column elementor-col-100 elementor-top-column elementor-element elementor-element-4969e42\" data-id=\"4969e42\" data-element_type=\"column\">\n\t\t\t<div class=\"elementor-widget-wrap elementor-element-populated\">\n\t\t\t\t\t\t\t\t<div class=\"elementor-element elementor-element-99facf0 elementor-widget elementor-widget-button\" data-id=\"99facf0\" data-element_type=\"widget\" data-widget_type=\"button.default\">\n\t\t\t\t<div class=\"elementor-widget-container\">\n\t\t\t\t\t<div class=\"elementor-button-wrapper\">\n\t\t\t<a href=\"https:\/\/quantil.co\/equipo\/#directivo\" class=\"elementor-button-link elementor-button elementor-size-sm\" role=\"button\">\n\t\t\t\t\t\t<span class=\"elementor-button-content-wrapper\">\n\t\t\t\t\t\t\t<span class=\"elementor-button-icon elementor-align-icon-left\">\n\t\t\t\t<i aria-hidden=\"true\" class=\"fas fa-arrow-left\"><\/i>\t\t\t<\/span>\n\t\t\t\t\t\t<span class=\"elementor-button-text\">Volver<\/span>\n\t\t<\/span>\n\t\t\t\t\t<\/a>\n\t\t<\/div>\n\t\t\t\t<\/div>\n\t\t\t\t<\/div>\n\t\t\t\t<div class=\"elementor-element elementor-element-33a0a48 elementor-widget elementor-widget-heading\" data-id=\"33a0a48\" data-element_type=\"widget\" data-widget_type=\"heading.default\">\n\t\t\t\t<div class=\"elementor-widget-container\">\n\t\t\t<h2 class=\"elementor-heading-title elementor-size-default\">Diego Jara<\/h2>\t\t<\/div>\n\t\t\t\t<\/div>\n\t\t\t\t\t<\/div>\n\t\t<\/div>\n\t\t\t\t\t\t\t<\/div>\n\t\t<\/section>\n\t\t\t\t<section class=\"elementor-section elementor-top-section elementor-element elementor-element-87222e7 elementor-section-boxed elementor-section-height-default elementor-section-height-default\" data-id=\"87222e7\" data-element_type=\"section\" data-settings=\"{&quot;jet_parallax_layout_list&quot;:[]}\">\n\t\t\t\t\t\t<div class=\"elementor-container elementor-column-gap-default\">\n\t\t\t\t\t<div class=\"elementor-column elementor-col-50 elementor-top-column elementor-element elementor-element-f6cca8e\" data-id=\"f6cca8e\" data-element_type=\"column\">\n\t\t\t<div class=\"elementor-widget-wrap elementor-element-populated\">\n\t\t\t\t\t\t\t\t<div class=\"elementor-element elementor-element-f435a78 elementor-widget elementor-widget-image\" data-id=\"f435a78\" data-element_type=\"widget\" data-widget_type=\"image.default\">\n\t\t\t\t<div class=\"elementor-widget-container\">\n\t\t\t<style>\/*! elementor - v3.13.3 - 28-05-2023 *\/\n.elementor-widget-image{text-align:center}.elementor-widget-image a{display:inline-block}.elementor-widget-image a img[src$=\".svg\"]{width:48px}.elementor-widget-image img{vertical-align:middle;display:inline-block}<\/style>\t\t\t\t\t\t\t\t\t\t\t\t<img decoding=\"async\" width=\"500\" height=\"500\" src=\"https:\/\/quantil.co\/wp-content\/uploads\/2022\/11\/diego_jara.jpg\" class=\"attachment-large size-large wp-image-1765\" alt=\"\" loading=\"lazy\" srcset=\"https:\/\/quantil.co\/wp-content\/uploads\/2022\/11\/diego_jara.jpg 500w, https:\/\/quantil.co\/wp-content\/uploads\/2022\/11\/diego_jara-300x300.jpg 300w, https:\/\/quantil.co\/wp-content\/uploads\/2022\/11\/diego_jara-150x150.jpg 150w\" sizes=\"(max-width: 500px) 100vw, 500px\" \/>\t\t\t\t\t\t\t\t\t\t\t\t\t\t\t<\/div>\n\t\t\t\t<\/div>\n\t\t\t\t\t<\/div>\n\t\t<\/div>\n\t\t\t\t<div class=\"elementor-column elementor-col-50 elementor-top-column elementor-element elementor-element-bfca56e\" data-id=\"bfca56e\" data-element_type=\"column\">\n\t\t\t<div class=\"elementor-widget-wrap elementor-element-populated\">\n\t\t\t\t\t\t\t\t<div class=\"elementor-element elementor-element-6cf36da elementor-widget elementor-widget-text-editor\" data-id=\"6cf36da\" data-element_type=\"widget\" data-widget_type=\"text-editor.default\">\n\t\t\t\t<div class=\"elementor-widget-container\">\n\t\t\t\t\t\t\t<p align=\"justify\">Ph.D. en Matem\u00e1ticas Financieras y M.S. en Matem\u00e1ticas de la Universidad de Carnegie Mellon, Pittsburgh, Estados Unidos. Matem\u00e1tico e Ingeniero Mec\u00e1nico de la Universidad de los Andes en Bogot\u00e1. Ha tenido m\u00e1s de ocho a\u00f1os de experiencia en mercados de derivados en bancos de inversi\u00f3n de Nueva York: del 2000 al 2005 trabaj\u00f3 en las mesas de investigaci\u00f3n, de derivados plain vanilla, de bonos del tesoro y de derivados ex\u00f3ticos en Lehman Brothers. Del 2006 al 2009 dirigi\u00f3 la mesa de derivados ex\u00f3ticos para Am\u00e9rica Latina en el Deutsche Bank. Estuvo vinculado en el Banco de la Rep\u00fablica (2005 y 2006), como Investigador Principal de la Unidad de Investigaci\u00f3n, donde trabaj\u00f3 en investigaciones de las inversiones de los fondos de pensiones obligatorias en Colombia; tambi\u00e9n dirigi\u00f3 el \u00e1rea de desarrollo cuantitativo de la Direcci\u00f3n de Reservas Internacionales. Es profesor de la Maestr\u00eda de Econom\u00eda de la Universidad de los Andes, y es (o ha sido) miembro independiente de: las Juntas Directivas de Precia, AMV, Legis y ACH; comit\u00e9s de Inversi\u00f3n de Colfondos, Correval Global y Renta Fija, Alianza Fiduciaria, Alianza Valores, AFIN, y Patrimonio Aut\u00f3nomo Avianca; comit\u00e9s de riesgo de Colfondos, Alianza Fiduciaria, Alianza Valores, Fiduoccidente y Fondo Nacional de Garant\u00edas. Fue miembro de la Misi\u00f3n de Transformaci\u00f3n Energ\u00e9tica del 2019-2020, de la Misi\u00f3n del Mercado de Capitales del 2019 y de la Comisi\u00f3n para revisar la Rentabilidad M\u00ednima de los Fondos de Pensiones en 2013-2014.<\/p>\n\n<p align=\"justify\">En la actualidad es socio y director de Quantil, en donde ha dirigido trabajos en las \u00e1reas de matem\u00e1ticas financieras, y miner\u00eda de datos, destacando desarrollos de modelos de selecci\u00f3n \u00f3ptima de activos para manejo de portafolios, cuantificaci\u00f3n de riesgo en el sector financiero y real, en tasas de inter\u00e9s, divisas, commodities y acciones, an\u00e1lisis de valoraci\u00f3n, riesgo y operaci\u00f3n de derivados, y desarrollo de algoritmos transaccionales.<\/p>\t\t\t\t\t\t<\/div>\n\t\t\t\t<\/div>\n\t\t\t\t\t<\/div>\n\t\t<\/div>\n\t\t\t\t\t\t\t<\/div>\n\t\t<\/section>\n\t\t\t\t\t\t\t<\/div>\n\t\t","protected":false},"excerpt":{"rendered":"<p>Equipo Directivo &amp; Matem\u00e1ticas financieras Volver Diego Jara Ph.D. en Matem\u00e1ticas Financieras y M.S. en Matem\u00e1ticas de la Universidad de Carnegie Mellon, Pittsburgh, Estados Unidos. Matem\u00e1tico e Ingeniero Mec\u00e1nico de la Universidad de los Andes en Bogot\u00e1. Ha tenido m\u00e1s de ocho a\u00f1os de experiencia en mercados de derivados en bancos de inversi\u00f3n de Nueva [&hellip;]<\/p>\n","protected":false},"author":1,"featured_media":0,"parent":0,"menu_order":0,"comment_status":"closed","ping_status":"closed","template":"","meta":{"om_disable_all_campaigns":false,"_monsterinsights_skip_tracking":false,"_monsterinsights_sitenote_active":false,"_monsterinsights_sitenote_note":"","_monsterinsights_sitenote_category":0,"_uf_show_specific_survey":0,"_uf_disable_surveys":false},"aioseo_notices":[],"_links":{"self":[{"href":"https:\/\/quantil.co\/es\/wp-json\/wp\/v2\/pages\/1912"}],"collection":[{"href":"https:\/\/quantil.co\/es\/wp-json\/wp\/v2\/pages"}],"about":[{"href":"https:\/\/quantil.co\/es\/wp-json\/wp\/v2\/types\/page"}],"author":[{"embeddable":true,"href":"https:\/\/quantil.co\/es\/wp-json\/wp\/v2\/users\/1"}],"replies":[{"embeddable":true,"href":"https:\/\/quantil.co\/es\/wp-json\/wp\/v2\/comments?post=1912"}],"version-history":[{"count":18,"href":"https:\/\/quantil.co\/es\/wp-json\/wp\/v2\/pages\/1912\/revisions"}],"predecessor-version":[{"id":5452,"href":"https:\/\/quantil.co\/es\/wp-json\/wp\/v2\/pages\/1912\/revisions\/5452"}],"wp:attachment":[{"href":"https:\/\/quantil.co\/es\/wp-json\/wp\/v2\/media?parent=1912"}],"curies":[{"name":"wp","href":"https:\/\/api.w.org\/{rel}","templated":true}]}}