{"id":5462,"date":"2025-07-16T15:00:29","date_gmt":"2025-07-16T15:00:29","guid":{"rendered":"https:\/\/quantil.co\/?page_id=5462"},"modified":"2025-07-16T15:03:06","modified_gmt":"2025-07-16T15:03:06","slug":"gary-martin","status":"publish","type":"page","link":"https:\/\/quantil.co\/es\/gary-martin\/","title":{"rendered":"Gary Martin"},"content":{"rendered":"\t\t<div data-elementor-type=\"wp-page\" data-elementor-id=\"5462\" class=\"elementor elementor-5462\">\n\t\t\t\t\t\t\t\t\t<section class=\"elementor-section elementor-top-section elementor-element elementor-element-1f3f8be elementor-section-height-min-height elementor-section-boxed elementor-section-height-default elementor-section-items-middle\" data-id=\"1f3f8be\" data-element_type=\"section\" data-settings=\"{&quot;jet_parallax_layout_list&quot;:[],&quot;background_background&quot;:&quot;classic&quot;}\">\n\t\t\t\t\t\t<div class=\"elementor-container elementor-column-gap-default\">\n\t\t\t\t\t<div class=\"elementor-column elementor-col-100 elementor-top-column elementor-element elementor-element-712f1c1\" data-id=\"712f1c1\" data-element_type=\"column\">\n\t\t\t<div class=\"elementor-widget-wrap elementor-element-populated\">\n\t\t\t\t\t\t\t\t<div class=\"elementor-element elementor-element-b0e1f51 elementor-widget elementor-widget-heading\" data-id=\"b0e1f51\" data-element_type=\"widget\" data-widget_type=\"heading.default\">\n\t\t\t\t<div class=\"elementor-widget-container\">\n\t\t\t<style>\/*! elementor - v3.13.3 - 28-05-2023 *\/\n.elementor-heading-title{padding:0;margin:0;line-height:1}.elementor-widget-heading .elementor-heading-title[class*=elementor-size-]>a{color:inherit;font-size:inherit;line-height:inherit}.elementor-widget-heading .elementor-heading-title.elementor-size-small{font-size:15px}.elementor-widget-heading .elementor-heading-title.elementor-size-medium{font-size:19px}.elementor-widget-heading .elementor-heading-title.elementor-size-large{font-size:29px}.elementor-widget-heading .elementor-heading-title.elementor-size-xl{font-size:39px}.elementor-widget-heading .elementor-heading-title.elementor-size-xxl{font-size:59px}<\/style><h2 class=\"elementor-heading-title elementor-size-default\">Equipo<\/h2>\t\t<\/div>\n\t\t\t\t<\/div>\n\t\t\t\t<div class=\"elementor-element elementor-element-81a7789 elementor-widget elementor-widget-text-editor\" data-id=\"81a7789\" data-element_type=\"widget\" data-widget_type=\"text-editor.default\">\n\t\t\t\t<div class=\"elementor-widget-container\">\n\t\t\t<style>\/*! elementor - v3.13.3 - 28-05-2023 *\/\n.elementor-widget-text-editor.elementor-drop-cap-view-stacked .elementor-drop-cap{background-color:#69727d;color:#fff}.elementor-widget-text-editor.elementor-drop-cap-view-framed .elementor-drop-cap{color:#69727d;border:3px solid;background-color:transparent}.elementor-widget-text-editor:not(.elementor-drop-cap-view-default) .elementor-drop-cap{margin-top:8px}.elementor-widget-text-editor:not(.elementor-drop-cap-view-default) .elementor-drop-cap-letter{width:1em;height:1em}.elementor-widget-text-editor .elementor-drop-cap{float:left;text-align:center;line-height:1;font-size:50px}.elementor-widget-text-editor .elementor-drop-cap-letter{display:inline-block}<\/style>\t\t\t\t<p><strong>Directivo<\/strong> &amp; <strong>Comercial<\/strong><\/p>\t\t\t\t\t\t<\/div>\n\t\t\t\t<\/div>\n\t\t\t\t\t<\/div>\n\t\t<\/div>\n\t\t\t\t\t\t\t<\/div>\n\t\t<\/section>\n\t\t\t\t<section class=\"elementor-section elementor-top-section elementor-element elementor-element-fbbbcda elementor-section-height-min-height elementor-section-boxed elementor-section-height-default elementor-section-items-middle\" data-id=\"fbbbcda\" data-element_type=\"section\" data-settings=\"{&quot;jet_parallax_layout_list&quot;:[]}\">\n\t\t\t\t\t\t<div class=\"elementor-container elementor-column-gap-default\">\n\t\t\t\t\t<div class=\"elementor-column elementor-col-100 elementor-top-column elementor-element elementor-element-4969e42\" data-id=\"4969e42\" data-element_type=\"column\">\n\t\t\t<div class=\"elementor-widget-wrap elementor-element-populated\">\n\t\t\t\t\t\t\t\t<div class=\"elementor-element elementor-element-33a0a48 elementor-widget elementor-widget-heading\" data-id=\"33a0a48\" data-element_type=\"widget\" data-widget_type=\"heading.default\">\n\t\t\t\t<div class=\"elementor-widget-container\">\n\t\t\t<h2 class=\"elementor-heading-title elementor-size-default\">Gary Martin<\/h2>\t\t<\/div>\n\t\t\t\t<\/div>\n\t\t\t\t<div class=\"elementor-element elementor-element-99facf0 elementor-widget elementor-widget-button\" data-id=\"99facf0\" data-element_type=\"widget\" data-widget_type=\"button.default\">\n\t\t\t\t<div class=\"elementor-widget-container\">\n\t\t\t\t\t<div class=\"elementor-button-wrapper\">\n\t\t\t<a href=\"https:\/\/quantil.co\/equipo\/#directivo\" class=\"elementor-button-link elementor-button elementor-size-sm\" role=\"button\">\n\t\t\t\t\t\t<span class=\"elementor-button-content-wrapper\">\n\t\t\t\t\t\t\t<span class=\"elementor-button-icon elementor-align-icon-left\">\n\t\t\t\t<i aria-hidden=\"true\" class=\"fas fa-arrow-left\"><\/i>\t\t\t<\/span>\n\t\t\t\t\t\t<span class=\"elementor-button-text\">Volver<\/span>\n\t\t<\/span>\n\t\t\t\t\t<\/a>\n\t\t<\/div>\n\t\t\t\t<\/div>\n\t\t\t\t<\/div>\n\t\t\t\t\t<\/div>\n\t\t<\/div>\n\t\t\t\t\t\t\t<\/div>\n\t\t<\/section>\n\t\t\t\t<section class=\"elementor-section elementor-top-section elementor-element elementor-element-87222e7 elementor-section-boxed elementor-section-height-default elementor-section-height-default\" data-id=\"87222e7\" data-element_type=\"section\" data-settings=\"{&quot;jet_parallax_layout_list&quot;:[]}\">\n\t\t\t\t\t\t<div class=\"elementor-container elementor-column-gap-default\">\n\t\t\t\t\t<div class=\"elementor-column elementor-col-50 elementor-top-column elementor-element elementor-element-f6cca8e\" data-id=\"f6cca8e\" data-element_type=\"column\">\n\t\t\t<div class=\"elementor-widget-wrap elementor-element-populated\">\n\t\t\t\t\t\t\t\t<div class=\"elementor-element elementor-element-f435a78 elementor-widget elementor-widget-image\" data-id=\"f435a78\" data-element_type=\"widget\" data-widget_type=\"image.default\">\n\t\t\t\t<div class=\"elementor-widget-container\">\n\t\t\t<style>\/*! elementor - v3.13.3 - 28-05-2023 *\/\n.elementor-widget-image{text-align:center}.elementor-widget-image a{display:inline-block}.elementor-widget-image a img[src$=\".svg\"]{width:48px}.elementor-widget-image img{vertical-align:middle;display:inline-block}<\/style>\t\t\t\t\t\t\t\t\t\t\t\t<img decoding=\"async\" width=\"500\" height=\"500\" src=\"https:\/\/quantil.co\/wp-content\/uploads\/2023\/07\/Gary_Martin.png\" class=\"attachment-large size-large wp-image-4146\" alt=\"\" loading=\"lazy\" srcset=\"https:\/\/quantil.co\/wp-content\/uploads\/2023\/07\/Gary_Martin.png 500w, https:\/\/quantil.co\/wp-content\/uploads\/2023\/07\/Gary_Martin-300x300.png 300w, https:\/\/quantil.co\/wp-content\/uploads\/2023\/07\/Gary_Martin-150x150.png 150w, https:\/\/quantil.co\/wp-content\/uploads\/2023\/07\/Gary_Martin-12x12.png 12w\" sizes=\"(max-width: 500px) 100vw, 500px\" \/>\t\t\t\t\t\t\t\t\t\t\t\t\t\t\t<\/div>\n\t\t\t\t<\/div>\n\t\t\t\t\t<\/div>\n\t\t<\/div>\n\t\t\t\t<div class=\"elementor-column elementor-col-50 elementor-top-column elementor-element elementor-element-bfca56e\" data-id=\"bfca56e\" data-element_type=\"column\">\n\t\t\t<div class=\"elementor-widget-wrap elementor-element-populated\">\n\t\t\t\t\t\t\t\t<div class=\"elementor-element elementor-element-6cf36da elementor-widget elementor-widget-text-editor\" data-id=\"6cf36da\" data-element_type=\"widget\" data-widget_type=\"text-editor.default\">\n\t\t\t\t<div class=\"elementor-widget-container\">\n\t\t\t\t\t\t\t<p align=\"justify\">Gary Martin Director de Quantil, empresario, analista de datos y cofundador del medio digital Praxis. Tiene una Maestr\u00eda en Big Data &#038; Business Analytics de la Universidad Complutense de Madrid y un International MBA de IE Business School en Madrid. Trabaj\u00f3 como Senior Data Analyst en Boston Consulting Group (BCG) en Espa\u00f1a y Alemania donde desarroll\u00f3 proyectos de consultor\u00eda de Inteligencia Artificial y anal\u00edtica de datos en distintas industrias. Cuenta con una s\u00f3lida experiencia como analista de datos en medios de comunicaci\u00f3n, en empresas como TVN Media y Publicis Groupe.<\/p>\n\n<p align=\"justify\">Gary es becario del programa Young Leaders of the Americas (YLAI) y parte de la red de +850 l\u00edderes Latinoamericanos desde 2017, auspiciado por el Departamento de Estado de los EE.UU. En la actualidad es socio y director de Quantil, donde dirige el \u00e1rea comercial de la empresa, y es consultor de estrategia de IA y comercial para el proyecto de IA Responsable financiado por BID Lab y liderado por Quantil.<\/p>\t\t\t\t\t\t<\/div>\n\t\t\t\t<\/div>\n\t\t\t\t\t<\/div>\n\t\t<\/div>\n\t\t\t\t\t\t\t<\/div>\n\t\t<\/section>\n\t\t\t\t\t\t\t<\/div>\n\t\t","protected":false},"excerpt":{"rendered":"<p>Equipo Directivo &amp; Comercial Gary Martin Volver Gary Martin Director de Quantil, empresario, analista de datos y cofundador del medio digital Praxis. Tiene una Maestr\u00eda en Big Data &#038; Business Analytics de la Universidad Complutense de Madrid y un International MBA de IE Business School en Madrid. Trabaj\u00f3 como Senior Data Analyst en Boston Consulting [&hellip;]<\/p>\n","protected":false},"author":1,"featured_media":0,"parent":0,"menu_order":0,"comment_status":"closed","ping_status":"closed","template":"","meta":{"om_disable_all_campaigns":false,"_monsterinsights_skip_tracking":false,"_monsterinsights_sitenote_active":false,"_monsterinsights_sitenote_note":"","_monsterinsights_sitenote_category":0,"_uf_show_specific_survey":0,"_uf_disable_surveys":false},"aioseo_notices":[],"_links":{"self":[{"href":"https:\/\/quantil.co\/es\/wp-json\/wp\/v2\/pages\/5462"}],"collection":[{"href":"https:\/\/quantil.co\/es\/wp-json\/wp\/v2\/pages"}],"about":[{"href":"https:\/\/quantil.co\/es\/wp-json\/wp\/v2\/types\/page"}],"author":[{"embeddable":true,"href":"https:\/\/quantil.co\/es\/wp-json\/wp\/v2\/users\/1"}],"replies":[{"embeddable":true,"href":"https:\/\/quantil.co\/es\/wp-json\/wp\/v2\/comments?post=5462"}],"version-history":[{"count":4,"href":"https:\/\/quantil.co\/es\/wp-json\/wp\/v2\/pages\/5462\/revisions"}],"predecessor-version":[{"id":5466,"href":"https:\/\/quantil.co\/es\/wp-json\/wp\/v2\/pages\/5462\/revisions\/5466"}],"wp:attachment":[{"href":"https:\/\/quantil.co\/es\/wp-json\/wp\/v2\/media?parent=5462"}],"curies":[{"name":"wp","href":"https:\/\/api.w.org\/{rel}","templated":true}]}}